{"id":896,"date":"2020-05-04T20:13:54","date_gmt":"2020-05-04T20:13:54","guid":{"rendered":"https:\/\/sun.usac.edu.gt\/?page_id=896"},"modified":"2022-06-01T16:31:55","modified_gmt":"2022-06-01T16:31:55","slug":"infousac-virtual","status":"publish","type":"page","link":"https:\/\/sun.usac.edu.gt\/index.php\/infousac-virtual\/","title":{"rendered":"INFOUSAC VIRTUAL"},"content":{"rendered":"\n<figure class=\"wp-block-image size-large\"><img decoding=\"async\" src=\"https:\/\/sun.usac.edu.gt\/wp-content\/uploads\/2020\/05\/SITIO2_INTERIOR-1024x291.jpg\" alt=\"\" class=\"wp-image-897\"\/><\/figure>\n\n\n\n<p class=\"has-text-align-left\"><strong>Bienvenido futuro estudiante sancarlista, es para el Sistema de Ubicaci\u00f3n y Nivelaci\u00f3n SUN un verdadero gusto el que participes en la Semana Informativa de la Universidad de San Carlos de Guatemala INFOUSAC 2020, la cual en esta oportunidad se realizar\u00e1 de manera virtual, como una de las medidas que ha tomado la Universidad de San Carlos de Guatemala para salvaguardar a su comunidad estudiantil del COVID 19, pero sin descuidar su quehacer dentro de la sociedad.<\/strong><\/p>\n\n\n\n<p class=\"has-text-align-center\"><strong>Es por ello que a trav\u00e9s de esta actividad obtendr\u00e1s toda la informaci\u00f3n necesaria  para realizar tu proceso de ingreso.<\/strong><\/p>\n\n\n\n<p style=\"color:#ffffff\" class=\"has-text-color has-background has-normal-font-size has-luminous-vivid-orange-background-color\"><strong>Din\u00e1mica de la actividad<\/strong><\/p>\n\n\n\n<p><strong>Se realizar\u00e1n diversas transmisiones a trav\u00e9s de nuestro canal en You Tube, cada d\u00eda de la Semana Informativa habr\u00e1 una programaci\u00f3n diferente,  se distribuir\u00e1n las unidades acad\u00e9micas y centros universitarios departamentales (para brindar informaci\u00f3n acerca de la oferta acad\u00e9mica de cada uno de estos), para que ingreses por medio del canal de transmisi\u00f3n seg\u00fan el d\u00eda programado, de acuerdo a las unidades acad\u00e9micas de tu inter\u00e9s. As\u00ed mismo habr\u00e1n actividades culturales que seguramente ser\u00e1n de tu agrado.<\/strong><\/p>\n\n\n\n<p><strong>Si deseas ampliar la informaci\u00f3n de las unidades acad\u00e9micas o centros universitarios departamentales consulta las publicaciones que diariamente encontrar\u00e1s en nuestras redes sociales.<\/strong><\/p>\n\n\n\n<p style=\"color:#1077b2\" class=\"has-text-color has-text-align-center has-normal-font-size\">                                 <strong>\u00a1 BIENVENIDO A LA TRICENTENARIA                                             UNIVERSIDAD DE SAN CARLOS DE GUATEMALA !<\/strong><\/p>\n\n\n\n<figure class=\"wp-block-image size-large\"><img decoding=\"async\" src=\"https:\/\/sun.usac.edu.gt\/wp-content\/uploads\/2020\/05\/SITIO3_CANAL-SUSCRIBETE-1-1024x605.jpg\" alt=\"\" class=\"wp-image-901\"\/><\/figure>\n\n\n\n<figure class=\"wp-block-image size-large\"><img decoding=\"async\" src=\"https:\/\/sun.usac.edu.gt\/wp-content\/uploads\/2020\/05\/ProgramMartes5-819x1024.jpg\" alt=\"\" class=\"wp-image-902\"\/><\/figure>\n\n\n\n<figure class=\"wp-block-image size-large\"><img decoding=\"async\" src=\"https:\/\/sun.usac.edu.gt\/wp-content\/uploads\/2020\/05\/ProgramMier6-819x1024.jpg\" alt=\"\" class=\"wp-image-903\"\/><\/figure>\n\n\n\n<figure class=\"wp-block-image size-large\"><img decoding=\"async\" src=\"https:\/\/sun.usac.edu.gt\/wp-content\/uploads\/2020\/05\/ProgramJue7-819x1024.jpg\" alt=\"\" class=\"wp-image-904\"\/><\/figure>\n\n\n\n<figure class=\"wp-block-image size-large\"><img decoding=\"async\" src=\"https:\/\/sun.usac.edu.gt\/wp-content\/uploads\/2020\/05\/ProgramVier8-819x1024.jpg\" alt=\"\" class=\"wp-image-905\"\/><\/figure>\n","protected":false},"excerpt":{"rendered":"<p>Bienvenido futuro estudiante sancarlista, es para el Sistema de Ubicaci\u00f3n y Nivelaci\u00f3n SUN un verdadero gusto el que participes en la Semana Informativa de la Universidad de San Carlos de Guatemala INFOUSAC 2020, la cual en esta oportunidad se realizar\u00e1<\/p>\n","protected":false},"author":2,"featured_media":0,"parent":0,"menu_order":0,"comment_status":"closed","ping_status":"closed","template":"","meta":{"footnotes":""},"class_list":["post-896","page","type-page","status-publish","hentry"],"_links":{"self":[{"href":"https:\/\/sun.usac.edu.gt\/index.php\/wp-json\/wp\/v2\/pages\/896","targetHints":{"allow":["GET"]}}],"collection":[{"href":"https:\/\/sun.usac.edu.gt\/index.php\/wp-json\/wp\/v2\/pages"}],"about":[{"href":"https:\/\/sun.usac.edu.gt\/index.php\/wp-json\/wp\/v2\/types\/page"}],"author":[{"embeddable":true,"href":"https:\/\/sun.usac.edu.gt\/index.php\/wp-json\/wp\/v2\/users\/2"}],"replies":[{"embeddable":true,"href":"https:\/\/sun.usac.edu.gt\/index.php\/wp-json\/wp\/v2\/comments?post=896"}],"version-history":[{"count":2,"href":"https:\/\/sun.usac.edu.gt\/index.php\/wp-json\/wp\/v2\/pages\/896\/revisions"}],"predecessor-version":[{"id":906,"href":"https:\/\/sun.usac.edu.gt\/index.php\/wp-json\/wp\/v2\/pages\/896\/revisions\/906"}],"wp:attachment":[{"href":"https:\/\/sun.usac.edu.gt\/index.php\/wp-json\/wp\/v2\/media?parent=896"}],"curies":[{"name":"wp","href":"https:\/\/api.w.org\/{rel}","templated":true}]}}