{"id":389,"date":"2019-09-25T20:20:18","date_gmt":"2019-09-25T20:20:18","guid":{"rendered":"https:\/\/sun.usac.edu.gt\/?page_id=389"},"modified":"2026-03-24T15:04:31","modified_gmt":"2026-03-24T15:04:31","slug":"pruebas","status":"publish","type":"page","link":"https:\/\/sun.usac.edu.gt\/index.php\/pruebas\/","title":{"rendered":"PRUEBAS"},"content":{"rendered":"\n<figure class=\"wp-block-image alignwide\"><img loading=\"lazy\" decoding=\"async\" width=\"1024\" height=\"293\" src=\"https:\/\/sun.usac.edu.gt\/wp-content\/uploads\/2019\/09\/pruebas_ingreso-1024x293.jpg\" alt=\"\" class=\"wp-image-476\" srcset=\"https:\/\/sun.usac.edu.gt\/wp-content\/uploads\/2019\/09\/pruebas_ingreso-1024x293.jpg 1024w, https:\/\/sun.usac.edu.gt\/wp-content\/uploads\/2019\/09\/pruebas_ingreso-300x86.jpg 300w, https:\/\/sun.usac.edu.gt\/wp-content\/uploads\/2019\/09\/pruebas_ingreso-768x219.jpg 768w, https:\/\/sun.usac.edu.gt\/wp-content\/uploads\/2019\/09\/pruebas_ingreso.jpg 1400w\" sizes=\"auto, (max-width: 1024px) 100vw, 1024px\" \/><\/figure>\n\n\n\n<p class=\"has-text-align-center has-medium-font-size\"><\/p>\n\n\n\n<p class=\"has-text-align-center has-text-color has-link-color wp-elements-afedaa63750dcd6eeda51e3886a6cefb\" style=\"color:#4d4d4e;font-size:17px\"><\/p>\n\n\n\n<p class=\"has-white-color has-text-color has-background has-medium-font-size\" style=\"background-color:#053476\">Campus Central<\/p>\n\n\n\n<figure class=\"wp-block-image size-large\"><img loading=\"lazy\" decoding=\"async\" width=\"734\" height=\"1024\" src=\"https:\/\/sun.usac.edu.gt\/wp-content\/uploads\/2026\/03\/Cuadro-de-Pruebas-Campus-Central-Ciclo-2027-1-734x1024.jpg\" alt=\"\" class=\"wp-image-1704\" srcset=\"https:\/\/sun.usac.edu.gt\/wp-content\/uploads\/2026\/03\/Cuadro-de-Pruebas-Campus-Central-Ciclo-2027-1-734x1024.jpg 734w, https:\/\/sun.usac.edu.gt\/wp-content\/uploads\/2026\/03\/Cuadro-de-Pruebas-Campus-Central-Ciclo-2027-1-215x300.jpg 215w, https:\/\/sun.usac.edu.gt\/wp-content\/uploads\/2026\/03\/Cuadro-de-Pruebas-Campus-Central-Ciclo-2027-1-768x1071.jpg 768w, https:\/\/sun.usac.edu.gt\/wp-content\/uploads\/2026\/03\/Cuadro-de-Pruebas-Campus-Central-Ciclo-2027-1-1102x1536.jpg 1102w, https:\/\/sun.usac.edu.gt\/wp-content\/uploads\/2026\/03\/Cuadro-de-Pruebas-Campus-Central-Ciclo-2027-1-1469x2048.jpg 1469w, https:\/\/sun.usac.edu.gt\/wp-content\/uploads\/2026\/03\/Cuadro-de-Pruebas-Campus-Central-Ciclo-2027-1.jpg 1800w\" sizes=\"auto, (max-width: 734px) 100vw, 734px\" \/><\/figure>\n\n\n\n<figure class=\"wp-block-image aligncenter size-full is-resized\"><img loading=\"lazy\" decoding=\"async\" width=\"900\" height=\"829\" src=\"https:\/\/sun.usac.edu.gt\/wp-content\/uploads\/2026\/03\/Calendario-PCB-Ciclo-2027-SITIO.jpg\" alt=\"\" class=\"wp-image-1701\" style=\"aspect-ratio:1.085665818490246;width:573px;height:auto\" srcset=\"https:\/\/sun.usac.edu.gt\/wp-content\/uploads\/2026\/03\/Calendario-PCB-Ciclo-2027-SITIO.jpg 900w, https:\/\/sun.usac.edu.gt\/wp-content\/uploads\/2026\/03\/Calendario-PCB-Ciclo-2027-SITIO-300x276.jpg 300w, https:\/\/sun.usac.edu.gt\/wp-content\/uploads\/2026\/03\/Calendario-PCB-Ciclo-2027-SITIO-768x707.jpg 768w\" sizes=\"auto, (max-width: 900px) 100vw, 900px\" \/><\/figure>\n\n\n\n<p class=\"has-white-color has-vivid-cyan-blue-background-color has-text-color has-background has-medium-font-size\">Centros Universitarios Regionales <br>e Institutos Universitarios<\/p>\n\n\n\n<p><\/p>\n\n\n\n<p class=\"has-text-align-center\"><\/p>\n\n\n\n<figure class=\"wp-block-image aligncenter size-large is-resized\"><a href=\"https:\/\/sun.usac.edu.gt\/wp-content\/uploads\/2025\/06\/Cuadro-pruebas-Ctro-e-Inst-Univ-Ingreso-2026.pdf\" target=\"_blank\" rel=\" noreferrer noopener\"><img loading=\"lazy\" decoding=\"async\" width=\"1024\" height=\"328\" src=\"https:\/\/sun.usac.edu.gt\/wp-content\/uploads\/2025\/03\/PCB-por-carrera-Ctros-e-Inst-Ing2026-1024x328.jpg\" alt=\"\" class=\"wp-image-1560\" style=\"width:567px;height:auto\" srcset=\"https:\/\/sun.usac.edu.gt\/wp-content\/uploads\/2025\/03\/PCB-por-carrera-Ctros-e-Inst-Ing2026-1024x328.jpg 1024w, https:\/\/sun.usac.edu.gt\/wp-content\/uploads\/2025\/03\/PCB-por-carrera-Ctros-e-Inst-Ing2026-300x96.jpg 300w, https:\/\/sun.usac.edu.gt\/wp-content\/uploads\/2025\/03\/PCB-por-carrera-Ctros-e-Inst-Ing2026-768x246.jpg 768w, https:\/\/sun.usac.edu.gt\/wp-content\/uploads\/2025\/03\/PCB-por-carrera-Ctros-e-Inst-Ing2026-1536x492.jpg 1536w, https:\/\/sun.usac.edu.gt\/wp-content\/uploads\/2025\/03\/PCB-por-carrera-Ctros-e-Inst-Ing2026.jpg 1800w\" sizes=\"auto, (max-width: 1024px) 100vw, 1024px\" \/><\/a><\/figure>\n\n\n\n<p>Para obtener informaci\u00f3n de las Pruebas Espec\u00edficas consulta los medios oficiales de comunicaci\u00f3n del Centro o Instituto Universitario al que deseas ingresar. <a href=\"https:\/\/sun.usac.edu.gt\/wp-content\/uploads\/2026\/03\/PERIODICO-U-INFOUSAC-2026-web.pdf\" target=\"_blank\" rel=\"noreferrer noopener\">Datos de contacto de unidades acad\u00e9micas USAC<\/a><\/p>\n\n\n\n<p><\/p>\n","protected":false},"excerpt":{"rendered":"<p>Campus Central Centros Universitarios Regionales e Institutos Universitarios Para obtener informaci\u00f3n de las Pruebas Espec\u00edficas consulta los medios oficiales de comunicaci\u00f3n del Centro o Instituto Universitario al que deseas ingresar. Datos de contacto de unidades acad\u00e9micas USAC<\/p>\n","protected":false},"author":2,"featured_media":0,"parent":0,"menu_order":0,"comment_status":"closed","ping_status":"closed","template":"","meta":{"footnotes":""},"class_list":["post-389","page","type-page","status-publish","hentry"],"_links":{"self":[{"href":"https:\/\/sun.usac.edu.gt\/index.php\/wp-json\/wp\/v2\/pages\/389","targetHints":{"allow":["GET"]}}],"collection":[{"href":"https:\/\/sun.usac.edu.gt\/index.php\/wp-json\/wp\/v2\/pages"}],"about":[{"href":"https:\/\/sun.usac.edu.gt\/index.php\/wp-json\/wp\/v2\/types\/page"}],"author":[{"embeddable":true,"href":"https:\/\/sun.usac.edu.gt\/index.php\/wp-json\/wp\/v2\/users\/2"}],"replies":[{"embeddable":true,"href":"https:\/\/sun.usac.edu.gt\/index.php\/wp-json\/wp\/v2\/comments?post=389"}],"version-history":[{"count":107,"href":"https:\/\/sun.usac.edu.gt\/index.php\/wp-json\/wp\/v2\/pages\/389\/revisions"}],"predecessor-version":[{"id":1709,"href":"https:\/\/sun.usac.edu.gt\/index.php\/wp-json\/wp\/v2\/pages\/389\/revisions\/1709"}],"wp:attachment":[{"href":"https:\/\/sun.usac.edu.gt\/index.php\/wp-json\/wp\/v2\/media?parent=389"}],"curies":[{"name":"wp","href":"https:\/\/api.w.org\/{rel}","templated":true}]}}