{"id":363,"date":"2019-09-25T18:31:11","date_gmt":"2019-09-25T18:31:11","guid":{"rendered":"https:\/\/sun.usac.edu.gt\/?page_id=363"},"modified":"2023-06-07T17:07:45","modified_gmt":"2023-06-07T17:07:45","slug":"casos-especiales","status":"publish","type":"page","link":"https:\/\/sun.usac.edu.gt\/index.php\/casos-especiales\/","title":{"rendered":"CASOS ESPECIALES"},"content":{"rendered":"\n<figure class=\"wp-block-image alignwide\"><img loading=\"lazy\" decoding=\"async\" width=\"1024\" height=\"293\" src=\"https:\/\/sun.usac.edu.gt\/wp-content\/uploads\/2019\/09\/preguntas_casosesp-1024x293.jpg\" alt=\"\" class=\"wp-image-474\" srcset=\"https:\/\/sun.usac.edu.gt\/wp-content\/uploads\/2019\/09\/preguntas_casosesp-1024x293.jpg 1024w, https:\/\/sun.usac.edu.gt\/wp-content\/uploads\/2019\/09\/preguntas_casosesp-300x86.jpg 300w, https:\/\/sun.usac.edu.gt\/wp-content\/uploads\/2019\/09\/preguntas_casosesp-768x219.jpg 768w, https:\/\/sun.usac.edu.gt\/wp-content\/uploads\/2019\/09\/preguntas_casosesp.jpg 1400w\" sizes=\"auto, (max-width: 1024px) 100vw, 1024px\" \/><\/figure>\n\n\n<p><a id=\"ancla13\"><\/a><\/p>\n\n\n<p class=\"has-pale-cyan-blue-background-color has-text-color has-background has-medium-font-size\" style=\"color:#04366f\"><strong>PREGUNTAS FRECUENTES<\/strong><\/p>\n\n\n\n<p class=\"has-black-color has-text-color\"><strong>\u00bfLa Tarjeta de Orientaci\u00f3n Vocacional vence? <\/strong>  <em>NO. La Tarjeta de Orientaci\u00f3n Vocacional no vence, seg\u00fan el Pto. Sexto, inciso 6.1, Acta 16-2013 del CSU.<\/em><\/p>\n\n\n\n<p class=\"has-black-color has-text-color\"><strong>\u00bfQue tiempo de vigencia tienen las Pruebas de Conocimientos B\u00e1sicos?<\/strong> <em>Las PCB tienen validez indefinida, es decir no vencen, seg\u00fan el punto mencionado anteriormente.<\/em><\/p>\n\n\n\n<p class=\"has-black-color has-text-color\"><strong>\u00bfY las Pruebas Espec\u00edficas vencen?<\/strong>  <em>Las Pruebas Espec\u00edficas solamente tienen validez por dos a\u00f1os<\/em>, <em>a partir de su fecha de emisi\u00f3n.<\/em><\/p>\n\n\n\n<p class=\"has-black-color has-text-color\"><strong>\u00bfPuedo hacerme las pruebas en cualquier centro universitario y estudiar en el Campus Central o viceversa?<\/strong> <em>Puedes realizar las Pruebas de Conocimientos B\u00e1sicos en cualquier facultad, escuela o centro universitario de la USAC, no as\u00ed las Pruebas Espec\u00edficas las que debes realizar directamente en el lugar donde estudiar\u00e1s.<\/em><\/p>\n\n\n\n<p class=\"has-black-color has-text-color\"><strong>\u00bfTiene alg\u00fan costo las PCB?<\/strong> <em>NO. No debes pagar nada para efectuarlas, solamente tener tu resultado de la Prueba de Orientaci\u00f3n Vocacional (Paso 1 del proceso de ingreso) y realizar tu inscripci\u00f3n a las PCB en l\u00ednea.<\/em><\/p>\n\n\n\n<p class=\"has-black-color has-text-color\"><strong>\u00bfSi ya agot\u00e9 las oportunidades de Pruebas de Conocimientos B\u00e1sicos, qu\u00e9 puedo hacer?<\/strong> <em>No te preocupes, puedes optar al Programa Acad\u00e9mico Preparatorio PAP, en el cual podr\u00e1s nivelar tus conocimientos en las materias en que lo necesites. O bien puedes esperar al pr\u00f3ximo a\u00f1o para aplicar de nuevo a las PCB de acuerdo al calendario.<\/em><\/p>\n\n\n\n<p class=\"has-black-color has-text-color\"><strong>\u00bfA las Pruebas Espec\u00edficas tambi\u00e9n puedo asignarme en l\u00ednea?<\/strong> Algunas unidades acad\u00e9micas tienen esta modalidad, por lo que te recomendamos comunicarte directamente a la facultad, escuela o instituto de tu elecci\u00f3n. Obt\u00e9n los datos de contacto <a href=\"https:\/\/sun.usac.edu.gt\/wp-content\/uploads\/2021\/05\/Unidades-Acad\u00e9micas_INFOUSAC2021.pdf\">aqu\u00ed<\/a><\/p>\n\n\n\n<p class=\"has-luminous-vivid-amber-background-color has-text-color has-background has-medium-font-size\" style=\"color:#ffffff\"><strong>CASOS ESPECIALES<\/strong><\/p>\n\n\n<p><a id=\"ancla14\"><\/a><\/p>\n\n\n<p class=\"has-black-color has-text-color has-medium-font-size\"><strong>TRASLADO DE CARRERAS Y CARRERAS SIMULT\u00c1NEAS<\/strong> <\/p>\n\n\n\n<p class=\"has-black-color has-text-color\">El procedimiento de ingreso ser\u00e1 obligatorio para todos los aspirantes a primer ingreso en la Universidad de San Carlos de Guatemala, salvo las exoneraciones contempladas en el Reglamento del Sistema de Ubicaci\u00f3n y Nivelaci\u00f3n y las disposiciones emanadas del Honorable Consejo Superior Universitario. Por lo que las Pruebas de Conocimientos B\u00e1sicos y Pruebas Espec\u00edficas tambi\u00e9n ser\u00e1n aplicables a los estudiantes regulares de la Universidad que deseen trasladarse de unidad acad\u00e9mica o inscribirse en carreras simult\u00e1neas de distintas unidades acad\u00e9micas. <\/p>\n\n\n<p><a id=\"ancla15\"><\/a><\/p>\n\n\n<p class=\"has-black-color has-text-color has-medium-font-size\"><strong>ESTUDIANTES DE OTRAS UNIVERSIDADES<\/strong><\/p>\n\n\n\n<p class=\"has-black-color has-text-color\">Deber\u00e1n efectuar el proceso de ingreso salvo aquellos que se mencionen en el apartado EXONERACIONES incisos a) y f)<\/p>\n\n\n<p><a id=\"ancla16\"><\/a><\/p>\n\n\n<p class=\"has-black-color has-text-color has-medium-font-size\"><strong>EXONERACIONES<\/strong><\/p>\n\n\n\n<p class=\"has-black-color has-text-color\">Quedan exonerados de todas las pruebas que comprenden el Sistema de Ubicaci\u00f3n y Nivelaci\u00f3n:<\/p>\n\n\n<p><a id=\"ancla15\"><\/a><\/p>\n\n\n<p class=\"has-black-color has-text-color\">a)    Los profesionales graduados de la Universidad de San Carlos de Guatemala o de cualquier universidad privada del pa\u00eds, que cuenten como m\u00ednimo con el grado acad\u00e9mico de licenciado.     <\/p>\n\n\n\n<p class=\"has-black-color has-text-color\">b)    Los graduados de una carrera t\u00e9cnica o de profesorado o que tengan aprobados 3\/5 partes del pensum de una carrera de licenciatura en la Universidad de San Carlos de Guatemala. <\/p>\n\n\n\n<p class=\"has-black-color has-text-color\">c)    Los que acrediten tener pensum cerrado de licenciatura en cualquiera de las carreras de la Universidad de San Carlos de Guatemala. <\/p>\n\n\n\n<p class=\"has-black-color has-text-color\">d)    Las personas con capacidades especiales que as\u00ed lo certifique la Divisi\u00f3n de Bienestar Estudiantil Universitario, siempre y cuando su capacidad especial no sea impedimento insuperable para cursar con \u00e9xito la carrera seleccionada.  <\/p>\n\n\n\n<p class=\"has-black-color has-text-color\">e)    Las personas mayores de sesenta y cinco a\u00f1os.   <\/p>\n\n\n\n<p class=\"has-black-color has-text-color\">f)    Podr\u00e1 el estudiante universitario que proceda de las universidades p\u00fablicas centroamericanas y que desee ingresar a la Universidad de San Carlos de Guatemala solicitar exoneraci\u00f3n de todas las pruebas del Sistema de Ubicaci\u00f3n y Nivelaci\u00f3n al Departamento de Ubicaci\u00f3n y Nivelaci\u00f3n, acompa\u00f1ando las certificaciones de cursos aprobados, con un m\u00ednimo de un a\u00f1o aprobado de la misma carrera que solicita y los programas de estudios respectivos de la Universidad de la que procede.  Dicho Departamento trasladar\u00e1 a la unidad acad\u00e9mica que corresponda el expediente respectivo, cuyo \u00d3rgano de Direcci\u00f3n resolver\u00e1 sobre la solicitud planteada.  El presente art\u00edculo se aplicar\u00e1 \u00fanicamente si existe reciprocidad en la universidad p\u00fablica centroamericana de donde proviene el interesado.<\/p>\n\n\n\n<p class=\"has-black-color has-text-color has-small-font-size\">Cap\u00edtulo IV  Procedimiento de ingreso a la Universidad de San Carlos de Guatemala, Art\u00edculo 7<br> Titulo VI Disposiciones finales, Art\u00edculo 54 <br> Reglamento del Sistema de Ubicaci\u00f3n y Nivelaci\u00f3n -SUN-<br> Aprobado por el C.S.U.  en Pto. QUINTO, Inciso 5.1 Acta No.29-2008, <br> Pto. SEXTO, Inciso 6.1 Acta No.05-2009 (Modificaci\u00f3n Acta No.06-2009)     <br> y Pto. SEXTO, Inciso 6.2 Acta No.07-2009.<\/p>\n","protected":false},"excerpt":{"rendered":"<p>PREGUNTAS FRECUENTES \u00bfLa Tarjeta de Orientaci\u00f3n Vocacional vence? NO. La Tarjeta de Orientaci\u00f3n Vocacional no vence, seg\u00fan el Pto. Sexto, inciso 6.1, Acta 16-2013 del CSU. \u00bfQue tiempo de vigencia tienen las Pruebas de Conocimientos B\u00e1sicos? Las PCB tienen validez<\/p>\n","protected":false},"author":2,"featured_media":0,"parent":0,"menu_order":0,"comment_status":"closed","ping_status":"closed","template":"","meta":{"footnotes":""},"class_list":["post-363","page","type-page","status-publish","hentry"],"_links":{"self":[{"href":"https:\/\/sun.usac.edu.gt\/index.php\/wp-json\/wp\/v2\/pages\/363","targetHints":{"allow":["GET"]}}],"collection":[{"href":"https:\/\/sun.usac.edu.gt\/index.php\/wp-json\/wp\/v2\/pages"}],"about":[{"href":"https:\/\/sun.usac.edu.gt\/index.php\/wp-json\/wp\/v2\/types\/page"}],"author":[{"embeddable":true,"href":"https:\/\/sun.usac.edu.gt\/index.php\/wp-json\/wp\/v2\/users\/2"}],"replies":[{"embeddable":true,"href":"https:\/\/sun.usac.edu.gt\/index.php\/wp-json\/wp\/v2\/comments?post=363"}],"version-history":[{"count":26,"href":"https:\/\/sun.usac.edu.gt\/index.php\/wp-json\/wp\/v2\/pages\/363\/revisions"}],"predecessor-version":[{"id":1276,"href":"https:\/\/sun.usac.edu.gt\/index.php\/wp-json\/wp\/v2\/pages\/363\/revisions\/1276"}],"wp:attachment":[{"href":"https:\/\/sun.usac.edu.gt\/index.php\/wp-json\/wp\/v2\/media?parent=363"}],"curies":[{"name":"wp","href":"https:\/\/api.w.org\/{rel}","templated":true}]}}