{"id":359,"date":"2019-09-25T18:30:11","date_gmt":"2019-09-25T18:30:11","guid":{"rendered":"https:\/\/sun.usac.edu.gt\/?page_id=359"},"modified":"2024-05-14T21:12:09","modified_gmt":"2024-05-14T21:12:09","slug":"usac-en-linea","status":"publish","type":"page","link":"https:\/\/sun.usac.edu.gt\/index.php\/usac-en-linea\/","title":{"rendered":"SUN EN L\u00cdNEA"},"content":{"rendered":"\n<figure class=\"wp-block-image alignwide size-full\"><img loading=\"lazy\" decoding=\"async\" width=\"1400\" height=\"400\" src=\"https:\/\/sun.usac.edu.gt\/wp-content\/uploads\/2023\/06\/SUN-en-linea.jpg\" alt=\"\" class=\"wp-image-1285\"\/><\/figure>\n\n\n<p><a id=\"ancla10\"><\/a><\/p>\n\n\n<p class=\"has-vivid-cyan-blue-background-color has-text-color has-background has-medium-font-size\" style=\"color:#ffffff\"><strong>ASIGNACI\u00d3N A LAS PCB<\/strong><\/p>\n\n\n\n<p class=\"has-black-color has-text-color\">Para hacer uso de este servicio debes REGISTRARTE para crear un usuario, para ello ingresa los datos que se te solicitan, posteriormente INICIA SESI\u00d3N con los datos registrados.<\/p>\n\n\n\n<p><\/p>\n\n\n\n<p class=\"has-text-align-center\">Ingresa a:<\/p>\n\n\n\n<div class=\"wp-block-button aligncenter\"><a class=\"wp-block-button__link has-very-dark-gray-color has-cyan-bluish-gray-background-color has-text-color has-background wp-element-button\" href=\"https:\/\/sunenlinea.usac.edu.gt\/saar\">https:\/\/sunenlinea.usac.edu.gt\/saar<\/a><\/div>\n\n\n\n<p><\/p>\n\n\n\n<p class=\"has-luminous-vivid-amber-background-color has-text-color has-background has-medium-font-size\" style=\"color:#ffffff\"><strong>APLICACI\u00d3N DE PCB EN L\u00cdNEA<\/strong><\/p>\n\n\n\n<p class=\"has-black-color has-text-color\">Consulta la fecha y hora de tu(s) prueba(s) en tu constancia de asignaci\u00f3n. Para ingresar a la plataforma da click en el siguiente bot\u00f3n:<\/p>\n\n\n\n<div class=\"wp-block-button aligncenter\"><a class=\"wp-block-button__link has-very-dark-gray-color has-cyan-bluish-gray-background-color has-text-color has-background wp-element-button\" href=\"https:\/\/radd1.virtual.usac.edu.gt\/pcb\/\">Aplicaci\u00f3n de PCB en l\u00ednea<\/a><\/div>\n\n\n<p><a id=\"ancla11\"><\/a><\/p>\n\n\n<p class=\"has-text-color has-background has-medium-font-size\" style=\"color:#04659d;background-color:#e9fc8d\"><strong>RESULTADOS DE PCB<\/strong> <strong>E IMPRESI\u00d3N DE CONSTANCIA DE RESULTADO SATISFACTORIO<\/strong><\/p>\n\n\n\n<p class=\"has-black-color has-text-color\">\u00a1Felicitaciones ya realizaste las Pruebas de Conocimientos B\u00e1sicos!, ahora conoce tus resultados. <\/p>\n\n\n\n<p class=\"has-black-color has-text-color\">Recuerda si obtuviste resultado SATISFACTORIO en TODAS las materias que solicita la carrera de tu elecci\u00f3n entonces debes imprimir tu constancia, la cual te habilita para el siguiente paso: Pruebas Espec\u00edficas (toda la informaci\u00f3n de dichas Pruebas obtenla directamente en los medios oficiales de comunicaci\u00f3n de la Unidad Acad\u00e9mica de tu elecci\u00f3n).<\/p>\n\n\n\n<p class=\"has-black-color has-text-color\">\u00bfObtuviste resultado INSATISFACTORIO? No te preocupes, puedes inscribirte nuevamente a las Pruebas de Conocimientos B\u00e1sicos en la pr\u00f3xima fecha calendarizada, consulta el <em><a rel=\"noreferrer noopener\" aria-label=\"calendario de PCB (abre en una nueva pesta\u00f1a)\" href=\"https:\/\/sun.usac.edu.gt\/index.php\/pruebas\/\" target=\"_blank\">calendario de PCB<\/a><\/em>. \u00danicamente se te asignar\u00e1(n) la(s) Prueba(s) pendiente(s) de resultado satisfactorio de acuerdo a la carrera de tu elecci\u00f3n.<\/p>\n\n\n\n<p><\/p>\n\n\n\n<div class=\"wp-block-button aligncenter\"><a class=\"wp-block-button__link has-very-dark-gray-color has-cyan-bluish-gray-background-color has-text-color has-background wp-element-button\" href=\"https:\/\/sunenlinea.usac.edu.gt\/saar\">https:\/\/sunenlinea.usac.edu.gt\/saar<\/a><\/div>\n\n\n\n<p><\/p>\n","protected":false},"excerpt":{"rendered":"<p>ASIGNACI\u00d3N A LAS PCB Para hacer uso de este servicio debes REGISTRARTE para crear un usuario, para ello ingresa los datos que se te solicitan, posteriormente INICIA SESI\u00d3N con los datos registrados. Ingresa a: APLICACI\u00d3N DE PCB EN L\u00cdNEA Consulta<\/p>\n","protected":false},"author":2,"featured_media":0,"parent":0,"menu_order":0,"comment_status":"closed","ping_status":"closed","template":"","meta":{"footnotes":""},"class_list":["post-359","page","type-page","status-publish","hentry"],"_links":{"self":[{"href":"https:\/\/sun.usac.edu.gt\/index.php\/wp-json\/wp\/v2\/pages\/359","targetHints":{"allow":["GET"]}}],"collection":[{"href":"https:\/\/sun.usac.edu.gt\/index.php\/wp-json\/wp\/v2\/pages"}],"about":[{"href":"https:\/\/sun.usac.edu.gt\/index.php\/wp-json\/wp\/v2\/types\/page"}],"author":[{"embeddable":true,"href":"https:\/\/sun.usac.edu.gt\/index.php\/wp-json\/wp\/v2\/users\/2"}],"replies":[{"embeddable":true,"href":"https:\/\/sun.usac.edu.gt\/index.php\/wp-json\/wp\/v2\/comments?post=359"}],"version-history":[{"count":39,"href":"https:\/\/sun.usac.edu.gt\/index.php\/wp-json\/wp\/v2\/pages\/359\/revisions"}],"predecessor-version":[{"id":1419,"href":"https:\/\/sun.usac.edu.gt\/index.php\/wp-json\/wp\/v2\/pages\/359\/revisions\/1419"}],"wp:attachment":[{"href":"https:\/\/sun.usac.edu.gt\/index.php\/wp-json\/wp\/v2\/media?parent=359"}],"curies":[{"name":"wp","href":"https:\/\/api.w.org\/{rel}","templated":true}]}}