{"id":357,"date":"2019-09-25T18:07:46","date_gmt":"2019-09-25T18:07:46","guid":{"rendered":"https:\/\/sun.usac.edu.gt\/?page_id=357"},"modified":"2026-03-24T15:03:43","modified_gmt":"2026-03-24T15:03:43","slug":"donde-estudiar","status":"publish","type":"page","link":"https:\/\/sun.usac.edu.gt\/index.php\/donde-estudiar\/","title":{"rendered":"DONDE Y QUE ESTUDIAR"},"content":{"rendered":"\n<figure class=\"wp-block-image alignwide\"><img loading=\"lazy\" decoding=\"async\" width=\"1024\" height=\"293\" src=\"https:\/\/sun.usac.edu.gt\/wp-content\/uploads\/2019\/10\/donde_estudiar-1024x293.jpg\" alt=\"\" class=\"wp-image-617\" srcset=\"https:\/\/sun.usac.edu.gt\/wp-content\/uploads\/2019\/10\/donde_estudiar-1024x293.jpg 1024w, https:\/\/sun.usac.edu.gt\/wp-content\/uploads\/2019\/10\/donde_estudiar-300x86.jpg 300w, https:\/\/sun.usac.edu.gt\/wp-content\/uploads\/2019\/10\/donde_estudiar-768x219.jpg 768w, https:\/\/sun.usac.edu.gt\/wp-content\/uploads\/2019\/10\/donde_estudiar.jpg 1400w\" sizes=\"auto, (max-width: 1024px) 100vw, 1024px\" \/><\/figure>\n\n\n\n<p class=\"has-black-color has-text-color\">La Universidad de San Carlos de Guatemala -USAC- pone a tu disposici\u00f3n una diversidad de carreras, distribuidas en el Campus Central, en los Centros Universitarios Regionales e Institutos Universitarios. A continuaci\u00f3n te presentamos dicha oferta educativa, con\u00f3cela e investiga m\u00e1s de las carreras que te llamen la atenci\u00f3n, as\u00ed podr\u00e1s realizar una mejor elecci\u00f3n; as\u00ed mismo encontrar\u00e1s los datos de contacto y direcciones de los sitios web de todas las unidades acad\u00e9micas de la USAC, para que conozcas m\u00e1s de cada una de ellas o comunicarte directamente si necesitas mayor informaci\u00f3n.<\/p>\n\n\n\n<p><br><\/p>\n\n\n\n<div class=\"wp-block-buttons is-content-justification-center is-layout-flex wp-container-core-buttons-is-layout-a89b3969 wp-block-buttons-is-layout-flex\">\n<div class=\"wp-block-button\"><a class=\"wp-block-button__link has-vivid-cyan-blue-background-color has-background wp-element-button\" href=\"https:\/\/sun.usac.edu.gt\/wp-content\/uploads\/2026\/03\/PERIODICO-U-INFOUSAC-2026-web.pdf\" target=\"_blank\" rel=\"noreferrer noopener\">Carreras y datos de contacto unidades acad\u00e9micas USAC<\/a><\/div>\n<\/div>\n\n\n\n<p><\/p>\n","protected":false},"excerpt":{"rendered":"<p>La Universidad de San Carlos de Guatemala -USAC- pone a tu disposici\u00f3n una diversidad de carreras, distribuidas en el Campus Central, en los Centros Universitarios Regionales e Institutos Universitarios. A continuaci\u00f3n te presentamos dicha oferta educativa, con\u00f3cela e investiga m\u00e1s<\/p>\n","protected":false},"author":2,"featured_media":0,"parent":0,"menu_order":0,"comment_status":"closed","ping_status":"closed","template":"","meta":{"footnotes":""},"class_list":["post-357","page","type-page","status-publish","hentry"],"_links":{"self":[{"href":"https:\/\/sun.usac.edu.gt\/index.php\/wp-json\/wp\/v2\/pages\/357","targetHints":{"allow":["GET"]}}],"collection":[{"href":"https:\/\/sun.usac.edu.gt\/index.php\/wp-json\/wp\/v2\/pages"}],"about":[{"href":"https:\/\/sun.usac.edu.gt\/index.php\/wp-json\/wp\/v2\/types\/page"}],"author":[{"embeddable":true,"href":"https:\/\/sun.usac.edu.gt\/index.php\/wp-json\/wp\/v2\/users\/2"}],"replies":[{"embeddable":true,"href":"https:\/\/sun.usac.edu.gt\/index.php\/wp-json\/wp\/v2\/comments?post=357"}],"version-history":[{"count":65,"href":"https:\/\/sun.usac.edu.gt\/index.php\/wp-json\/wp\/v2\/pages\/357\/revisions"}],"predecessor-version":[{"id":1708,"href":"https:\/\/sun.usac.edu.gt\/index.php\/wp-json\/wp\/v2\/pages\/357\/revisions\/1708"}],"wp:attachment":[{"href":"https:\/\/sun.usac.edu.gt\/index.php\/wp-json\/wp\/v2\/media?parent=357"}],"curies":[{"name":"wp","href":"https:\/\/api.w.org\/{rel}","templated":true}]}}