{"id":353,"date":"2019-09-25T18:00:32","date_gmt":"2019-09-25T18:00:32","guid":{"rendered":"https:\/\/sun.usac.edu.gt\/?page_id=353"},"modified":"2025-05-30T14:44:15","modified_gmt":"2025-05-30T14:44:15","slug":"herramientas","status":"publish","type":"page","link":"https:\/\/sun.usac.edu.gt\/index.php\/herramientas\/","title":{"rendered":"HERRAMIENTAS"},"content":{"rendered":"\n<figure class=\"wp-block-image alignwide\"><img loading=\"lazy\" decoding=\"async\" width=\"1024\" height=\"293\" src=\"https:\/\/sun.usac.edu.gt\/wp-content\/uploads\/2019\/09\/herramientas-1024x293.jpg\" alt=\"\" class=\"wp-image-473\" srcset=\"https:\/\/sun.usac.edu.gt\/wp-content\/uploads\/2019\/09\/herramientas-1024x293.jpg 1024w, https:\/\/sun.usac.edu.gt\/wp-content\/uploads\/2019\/09\/herramientas-300x86.jpg 300w, https:\/\/sun.usac.edu.gt\/wp-content\/uploads\/2019\/09\/herramientas-768x219.jpg 768w, https:\/\/sun.usac.edu.gt\/wp-content\/uploads\/2019\/09\/herramientas.jpg 1400w\" sizes=\"auto, (max-width: 1024px) 100vw, 1024px\" \/><\/figure>\n\n\n\n<p class=\"has-text-color\"><a id=\"ancla1\"><\/a>\n<\/p>\n\n\n\n<p class=\"has-text-color has-background has-medium-font-size has-pale-cyan-blue-background-color\"><strong>GU\u00cdAS TEM\u00c1TICAS<\/strong><\/p>\n\n\n\n<p class=\"has-black-color has-text-color\">Te servir\u00e1n como herramienta de orientaci\u00f3n y preparaci\u00f3n a las PCB, en ellas encontrar\u00e1s los temas que debes estudiar para dichas pruebas. Est\u00e1n basadas en el Curr\u00edculum Nacional Base del Ministerio de Educaci\u00f3n.<\/p>\n\n\n\n<p class=\"has-black-color has-text-color\">\u00danicamente debes descargar la(s) Gu\u00eda(s) Tem\u00e1tica(s) de la(s) materia(s) que te solicita la carrera de tu elecci\u00f3n, para saber cu\u00e1les son consulta el <a href=\"https:\/\/sun.usac.edu.gt\/index.php\/pruebas\/\">cuadro de pruebas ingreso Ciclo 2025<\/a> o  tu constancia de inscripci\u00f3n a las PCB, ya que en \u00e9sta se especifica tambi\u00e9n.<\/p>\n\n\n\n<div class=\"wp-block-columns has-5-columns is-layout-flex wp-container-core-columns-is-layout-28f84493 wp-block-columns-is-layout-flex\">\n<div class=\"wp-block-column is-layout-flow wp-block-column-is-layout-flow\">\n<figure class=\"wp-block-image\"><a href=\"https:\/\/sun.usac.edu.gt\/wp-content\/uploads\/2025\/05\/GuiaT_Biologia2025_R.pdf\" target=\"_blank\" rel=\" noreferrer noopener\"><img loading=\"lazy\" decoding=\"async\" width=\"110\" height=\"110\" src=\"https:\/\/sun.usac.edu.gt\/wp-content\/uploads\/2019\/09\/biologia.jpg\" alt=\"\" class=\"wp-image-521\"\/><\/a><figcaption class=\"wp-element-caption\"><a href=\"https:\/\/sun.usac.edu.gt\/wp-content\/uploads\/2025\/05\/GuiaT_Biologia2025_R.pdf\" target=\"_blank\" rel=\"noreferrer noopener\">BIOLOG\u00cdA <\/a><\/figcaption><\/figure>\n<\/div>\n\n\n\n<div class=\"wp-block-column is-layout-flow wp-block-column-is-layout-flow\">\n<figure class=\"wp-block-image\"><a href=\"https:\/\/sun.usac.edu.gt\/wp-content\/uploads\/2025\/05\/GuiaT_Fisica2025_-R.pdf\" target=\"_blank\" rel=\" noreferrer noopener\"><img loading=\"lazy\" decoding=\"async\" width=\"110\" height=\"110\" src=\"https:\/\/sun.usac.edu.gt\/wp-content\/uploads\/2019\/09\/fisica.jpg\" alt=\"\" class=\"wp-image-522\"\/><\/a><figcaption class=\"wp-element-caption\"><a href=\"https:\/\/sun.usac.edu.gt\/wp-content\/uploads\/2025\/05\/GuiaT_Fisica2025_-R.pdf\" target=\"_blank\" rel=\"noreferrer noopener\">F\u00cdSICA<\/a><a href=\"https:\/\/sun.usac.edu.gt\/wp-content\/uploads\/2024\/05\/Gui\u0301a-T_Fi\u0301sica-2024.pdf\"> <\/a><\/figcaption><\/figure>\n<\/div>\n\n\n\n<div class=\"wp-block-column is-layout-flow wp-block-column-is-layout-flow\">\n<figure class=\"wp-block-image\"><a href=\"https:\/\/sun.usac.edu.gt\/wp-content\/uploads\/2025\/05\/GuiaT_Lenguaje2025_R.pdf\" target=\"_blank\" rel=\" noreferrer noopener\"><img loading=\"lazy\" decoding=\"async\" width=\"110\" height=\"110\" src=\"https:\/\/sun.usac.edu.gt\/wp-content\/uploads\/2019\/09\/lenguaje.jpg\" alt=\"\" class=\"wp-image-523\"\/><\/a><figcaption class=\"wp-element-caption\"><a href=\"https:\/\/sun.usac.edu.gt\/wp-content\/uploads\/2025\/05\/GuiaT_Lenguaje2025_R.pdf\" target=\"_blank\" rel=\"noreferrer noopener\">LENGUAJE <\/a><\/figcaption><\/figure>\n\n\n\n<p><\/p>\n<\/div>\n\n\n\n<div class=\"wp-block-column is-layout-flow wp-block-column-is-layout-flow\">\n<figure class=\"wp-block-image\"><a href=\"https:\/\/sun.usac.edu.gt\/wp-content\/uploads\/2025\/05\/GuiaT_Matematica2025_R.pdf\" target=\"_blank\" rel=\" noreferrer noopener\"><img loading=\"lazy\" decoding=\"async\" width=\"110\" height=\"110\" src=\"https:\/\/sun.usac.edu.gt\/wp-content\/uploads\/2019\/09\/mate.jpg\" alt=\"\" class=\"wp-image-524\"\/><\/a><figcaption class=\"wp-element-caption\"><a href=\"https:\/\/sun.usac.edu.gt\/wp-content\/uploads\/2025\/05\/GuiaT_Matematica2025_R.pdf\" target=\"_blank\" rel=\"noreferrer noopener\">MATEM\u00c1TICA <\/a><\/figcaption><\/figure>\n<\/div>\n\n\n\n<div class=\"wp-block-column is-layout-flow wp-block-column-is-layout-flow\">\n<figure class=\"wp-block-image\"><a href=\"https:\/\/sun.usac.edu.gt\/wp-content\/uploads\/2025\/05\/GuiaT_Quimica2025_R.pdf\" target=\"_blank\" rel=\" noreferrer noopener\"><img loading=\"lazy\" decoding=\"async\" width=\"110\" height=\"110\" src=\"https:\/\/sun.usac.edu.gt\/wp-content\/uploads\/2019\/09\/quimica.jpg\" alt=\"\" class=\"wp-image-525\"\/><\/a><figcaption class=\"wp-element-caption\"><a href=\"https:\/\/sun.usac.edu.gt\/wp-content\/uploads\/2025\/05\/GuiaT_Quimica2025_R.pdf\" target=\"_blank\" rel=\"noreferrer noopener\">QU\u00cdMICA <\/a><\/figcaption><\/figure>\n<\/div>\n<\/div>\n\n\n\n<p class=\"has-text-color has-medium-font-size has-luminous-vivid-amber-background-color has-background\"><a id=\"ancla2\"><\/a><strong>SIMULADOR DE PCB<\/strong><\/p>\n\n\n\n<p class=\"has-black-color has-text-color\">Has uso de esta valiosa herramienta, que te permitir\u00e1 obtener un diagn\u00f3stico de los temas que debes fortalecer. Puedes acceder a esta si ya obtuviste tu resultado de la Prueba de Orientaci\u00f3n Vocacional ( paso1 del proceso de ingreso ).<br>As\u00ed mismo si realizas la simulaci\u00f3n de la Prueba de Conocimientos B\u00e1sicos de Lenguaje, Matem\u00e1tica o F\u00edsica tambi\u00e9n podr\u00e1s tener acceso al Curso Virtual de dichas materias.<\/p>\n\n\n\n<div class=\"wp-block-button aligncenter\"><a class=\"wp-block-button__link has-very-dark-gray-color has-cyan-bluish-gray-background-color has-text-color has-background wp-element-button\" href=\"https:\/\/sunenlinea.usac.edu.gt\/saar\">Simulador de PCB<\/a><\/div>\n\n\n\n<p><\/p>\n\n\n\n<p>Conoce como utilizar el Simulador de PCB   <strong><a href=\"https:\/\/youtu.be\/X3SrlpIK9os\">Video tutorial Simulador de PCB click aqu\u00ed<\/a><\/strong><\/p>\n\n\n\n<p class=\"has-text-color has-background has-medium-font-size\" style=\"color:#ffffff;background-color:#042395d9\">CURSOS VIRTUALES<\/p>\n\n\n\n<p class=\"has-black-color has-text-color\">A trav\u00e9s de estos cursos aprende todo lo b\u00e1sico y necesario para la nivelaci\u00f3n de tus conocimientos en las materias de lenguaje, matem\u00e1tica y f\u00edsica, <em><strong>de forma 100% virtual y totalmente gratis.<\/strong><\/em><\/p>\n\n\n\n<p class=\"has-black-color has-text-color\">Puedes acceder a cualquiera de estos cursos al realizar la simulaci\u00f3n de la Prueba de Conocimientos B\u00e1sicos de la materia del curso que deseas, a trav\u00e9s del Simulador de PCB. Recuerda que para ello debes poseer tu resultado de la Prueba de Orientaci\u00f3n Vocacional ( Paso 1 del proceso de ingreso ).<\/p>\n\n\n\n<div class=\"wp-block-columns is-layout-flex wp-container-core-columns-is-layout-28f84493 wp-block-columns-is-layout-flex\">\n<div class=\"wp-block-column is-vertically-aligned-center is-layout-flow wp-block-column-is-layout-flow\" style=\"flex-basis:33.34%\">\n<figure class=\"wp-block-image aligncenter size-full\"><a href=\"https:\/\/virtual.usac.edu.gt\/aspirantes\/login\/index.php\"><img loading=\"lazy\" decoding=\"async\" width=\"215\" height=\"194\" src=\"https:\/\/sun.usac.edu.gt\/wp-content\/uploads\/2019\/10\/curso-virtual.jpg\" alt=\"\" class=\"wp-image-687\"\/><\/a><\/figure>\n<\/div>\n\n\n\n<div class=\"wp-block-column is-vertically-aligned-center is-layout-flow wp-block-column-is-layout-flow\" style=\"flex-basis:33.34%\">\n<figure class=\"wp-block-image aligncenter size-full\"><a href=\"https:\/\/virtual.usac.edu.gt\/aspirantes\/login\/index.php\"><img loading=\"lazy\" decoding=\"async\" width=\"215\" height=\"194\" src=\"https:\/\/sun.usac.edu.gt\/wp-content\/uploads\/2019\/11\/curso_virtual_mate.jpg\" alt=\"\" class=\"wp-image-813\"\/><\/a><\/figure>\n<\/div>\n\n\n\n<div class=\"wp-block-column is-layout-flow wp-block-column-is-layout-flow\" style=\"flex-basis:33.33%\">\n<figure class=\"wp-block-image aligncenter size-full\"><a href=\"https:\/\/virtual.usac.edu.gt\/aspirantes\/login\/index.php\"><img loading=\"lazy\" decoding=\"async\" width=\"215\" height=\"194\" src=\"https:\/\/sun.usac.edu.gt\/wp-content\/uploads\/2020\/08\/curso_virtual_fisica.jpg\" alt=\"\" class=\"wp-image-1003\"\/><\/a><\/figure>\n<\/div>\n<\/div>\n","protected":false},"excerpt":{"rendered":"<p>GU\u00cdAS TEM\u00c1TICAS Te servir\u00e1n como herramienta de orientaci\u00f3n y preparaci\u00f3n a las PCB, en ellas encontrar\u00e1s los temas que debes estudiar para dichas pruebas. Est\u00e1n basadas en el Curr\u00edculum Nacional Base del Ministerio de Educaci\u00f3n. \u00danicamente debes descargar la(s) Gu\u00eda(s)<\/p>\n","protected":false},"author":2,"featured_media":0,"parent":0,"menu_order":0,"comment_status":"closed","ping_status":"closed","template":"","meta":{"footnotes":""},"class_list":["post-353","page","type-page","status-publish","hentry"],"_links":{"self":[{"href":"https:\/\/sun.usac.edu.gt\/index.php\/wp-json\/wp\/v2\/pages\/353","targetHints":{"allow":["GET"]}}],"collection":[{"href":"https:\/\/sun.usac.edu.gt\/index.php\/wp-json\/wp\/v2\/pages"}],"about":[{"href":"https:\/\/sun.usac.edu.gt\/index.php\/wp-json\/wp\/v2\/types\/page"}],"author":[{"embeddable":true,"href":"https:\/\/sun.usac.edu.gt\/index.php\/wp-json\/wp\/v2\/users\/2"}],"replies":[{"embeddable":true,"href":"https:\/\/sun.usac.edu.gt\/index.php\/wp-json\/wp\/v2\/comments?post=353"}],"version-history":[{"count":100,"href":"https:\/\/sun.usac.edu.gt\/index.php\/wp-json\/wp\/v2\/pages\/353\/revisions"}],"predecessor-version":[{"id":1603,"href":"https:\/\/sun.usac.edu.gt\/index.php\/wp-json\/wp\/v2\/pages\/353\/revisions\/1603"}],"wp:attachment":[{"href":"https:\/\/sun.usac.edu.gt\/index.php\/wp-json\/wp\/v2\/media?parent=353"}],"curies":[{"name":"wp","href":"https:\/\/api.w.org\/{rel}","templated":true}]}}